{"id":56,"date":"2024-03-01T01:40:10","date_gmt":"2024-03-01T01:40:10","guid":{"rendered":"https:\/\/pharmakosconsulting.vdevs.eu\/?page_id=56"},"modified":"2024-03-18T09:07:59","modified_gmt":"2024-03-18T09:07:59","slug":"usluge","status":"publish","type":"page","link":"https:\/\/pharmakosconsulting.vdevs.eu\/hr\/usluge\/","title":{"rendered":"Usluge"},"content":{"rendered":"<p>\u0160iroka ponuda koja obuhva\u0107a najraznolikije zahtjeve omogu\u0107ava da se u svakoj prilici prilagodimo svakom klijentu (u najkra\u0107em vremenu).<\/p>\n","protected":false},"excerpt":{"rendered":"<p>\u0160iroka ponuda koja obuhva\u0107a najraznolikije zahtjeve omogu\u0107ava da se u svakoj prilici prilagodimo svakom klijentu (u najkra\u0107em vremenu).<\/p>\n","protected":false},"author":1,"featured_media":0,"parent":0,"menu_order":0,"comment_status":"closed","ping_status":"closed","template":"","meta":{"_acf_changed":false,"_et_pb_use_builder":"","_et_pb_old_content":"","_et_gb_content_width":"","inline_featured_image":false,"footnotes":""},"class_list":["post-56","page","type-page","status-publish","hentry"],"acf":[],"_links":{"self":[{"href":"https:\/\/pharmakosconsulting.vdevs.eu\/hr\/wp-json\/wp\/v2\/pages\/56","targetHints":{"allow":["GET"]}}],"collection":[{"href":"https:\/\/pharmakosconsulting.vdevs.eu\/hr\/wp-json\/wp\/v2\/pages"}],"about":[{"href":"https:\/\/pharmakosconsulting.vdevs.eu\/hr\/wp-json\/wp\/v2\/types\/page"}],"author":[{"embeddable":true,"href":"https:\/\/pharmakosconsulting.vdevs.eu\/hr\/wp-json\/wp\/v2\/users\/1"}],"replies":[{"embeddable":true,"href":"https:\/\/pharmakosconsulting.vdevs.eu\/hr\/wp-json\/wp\/v2\/comments?post=56"}],"version-history":[{"count":0,"href":"https:\/\/pharmakosconsulting.vdevs.eu\/hr\/wp-json\/wp\/v2\/pages\/56\/revisions"}],"wp:attachment":[{"href":"https:\/\/pharmakosconsulting.vdevs.eu\/hr\/wp-json\/wp\/v2\/media?parent=56"}],"curies":[{"name":"wp","href":"https:\/\/api.w.org\/{rel}","templated":true}]}}