{"id":54,"date":"2024-03-01T01:39:46","date_gmt":"2024-03-01T01:39:46","guid":{"rendered":"https:\/\/pharmakosconsulting.vdevs.eu\/?page_id=54"},"modified":"2024-03-25T14:11:37","modified_gmt":"2024-03-25T14:11:37","slug":"o-nama","status":"publish","type":"page","link":"https:\/\/pharmakosconsulting.vdevs.eu\/hr\/o-nama\/","title":{"rendered":"O nama"},"content":{"rendered":"<p style=\"text-align: center;\">U svakom poslu zadaci se mogu obavljati bolje, br\u017ee, stru\u010dnije.<br \/>\nTu smo da Vam pomognemo odrediti kurs i budemo vjetar u krmu.<br \/>\nUz na\u0161ih 20+ godina iskustva u pru\u017eanju usluga farmaceutskoj industriji, ubrzajmo Va\u0161 put prema uspjehu!<\/p>\n","protected":false},"excerpt":{"rendered":"<p>U svakom poslu zadaci se mogu obavljati bolje, br\u017ee, stru\u010dnije. Tu smo da Vam pomognemo odrediti kurs i budemo vjetar u krmu. Uz na\u0161ih 20+ godina iskustva u pru\u017eanju usluga farmaceutskoj industriji, ubrzajmo Va\u0161 put prema uspjehu!<\/p>\n","protected":false},"author":1,"featured_media":0,"parent":0,"menu_order":0,"comment_status":"closed","ping_status":"closed","template":"","meta":{"_acf_changed":false,"_et_pb_use_builder":"","_et_pb_old_content":"","_et_gb_content_width":"","inline_featured_image":false,"footnotes":""},"class_list":["post-54","page","type-page","status-publish","hentry"],"acf":[],"_links":{"self":[{"href":"https:\/\/pharmakosconsulting.vdevs.eu\/hr\/wp-json\/wp\/v2\/pages\/54","targetHints":{"allow":["GET"]}}],"collection":[{"href":"https:\/\/pharmakosconsulting.vdevs.eu\/hr\/wp-json\/wp\/v2\/pages"}],"about":[{"href":"https:\/\/pharmakosconsulting.vdevs.eu\/hr\/wp-json\/wp\/v2\/types\/page"}],"author":[{"embeddable":true,"href":"https:\/\/pharmakosconsulting.vdevs.eu\/hr\/wp-json\/wp\/v2\/users\/1"}],"replies":[{"embeddable":true,"href":"https:\/\/pharmakosconsulting.vdevs.eu\/hr\/wp-json\/wp\/v2\/comments?post=54"}],"version-history":[{"count":0,"href":"https:\/\/pharmakosconsulting.vdevs.eu\/hr\/wp-json\/wp\/v2\/pages\/54\/revisions"}],"wp:attachment":[{"href":"https:\/\/pharmakosconsulting.vdevs.eu\/hr\/wp-json\/wp\/v2\/media?parent=54"}],"curies":[{"name":"wp","href":"https:\/\/api.w.org\/{rel}","templated":true}]}}