{"id":179,"date":"2024-03-04T07:35:56","date_gmt":"2024-03-04T07:35:56","guid":{"rendered":"https:\/\/pharmakosconsulting.vdevs.eu\/?page_id=179"},"modified":"2024-03-05T14:50:31","modified_gmt":"2024-03-05T14:50:31","slug":"uvjeti-koristenja","status":"publish","type":"page","link":"https:\/\/pharmakosconsulting.vdevs.eu\/hr\/uvjeti-koristenja\/","title":{"rendered":"Uvjeti kori\u0161tenja"},"content":{"rendered":"<p>Kori\u0161tenjem ove internet stranice potvr\u0111ujete da ste pro\u010ditali Uvjete kori\u0161tenja i da ih u potpunosti razumijete i sla\u017eete se s njima, uklju\u010duju\u0107i odredbe o obradi podataka i pravila u vezi s kola\u010di\u0107ima.<\/p>\n<p>Kori\u0161tenjem sadr\u017eaja ove internet stranice prihva\u0107ate (i) sve rizike koji mogu nastati kori\u0161tenjem ove internet stranice i prihva\u0107ate (ii) da \u0107e se sadr\u017eaj internet stranice koristiti isklju\u010divo za osobnu upotrebu i na vlastiti rizik.<\/p>\n<p>Pharmakos Consulting d.o.o. odri\u010de se svake odgovornosti (i) koja mo\u017ee proiza\u0107i iz ili je na bilo koji na\u010din povezana s kori\u0161tenjem ove internet stranice, (ii) za bilo kakvu uporabu ili zlouporabu sadr\u017eaja ove internet stranice od strane korisnika, (iii) i za bilo kakvu \u0161tetu koja se mo\u017ee dogoditi korisniku ili bilo kojoj tre\u0107oj strani povezanoj s uporabom ili zlouporabom ove internet stranice.<\/p>\n<p>Pharmakos Consulting d.o.o. zadr\u017eava pravo promijeniti sadr\u017eaj ove internet stranice i ne\u0107e biti odgovoran za bilo kakve posljedice koje su nastale zbog tih promjena.<\/p>\n<p>Dokumenti, fotografije, podaci, informacije i bilo koji drugi sadr\u017eaj objavljen na ovoj internet stranici ne mo\u017ee se reproducirati, distribuirati ili na bilo koji na\u010din koristiti u komercijalne svrhe.<\/p>\n<p>Sadr\u017eaj ove internet stranice za\u0161ti\u0107en je autorskim pravima. Neovla\u0161tena uporaba bilo kojeg dijela ove internet stranice, bez odobrenja vlasnika autorskih prava, smatra se kr\u0161enjem autorskih prava i podlo\u017ena je tu\u017ebi.<\/p>\n<p>Pharmakos Consulting d.o.o. zadr\u017eava pravo promjene ovih Uvjeta kori\u0161tenja. O svim promjena bit \u0107ete obavije\u0161teni na odgovoraja\u0107u na\u010din i pravovremeno. Promjene stupaju na snagu danom objave na internet stranici www.pharmakos.hr.<\/p>\n","protected":false},"excerpt":{"rendered":"<p>Kori\u0161tenjem ove internet stranice potvr\u0111ujete da ste pro\u010ditali Uvjete kori\u0161tenja i da ih u potpunosti razumijete i sla\u017eete se s njima, uklju\u010duju\u0107i odredbe o obradi podataka i pravila u vezi s kola\u010di\u0107ima. Kori\u0161tenjem sadr\u017eaja ove internet stranice prihva\u0107ate (i) sve rizike koji mogu nastati kori\u0161tenjem ove internet stranice i prihva\u0107ate (ii) da \u0107e se sadr\u017eaj [&hellip;]<\/p>\n","protected":false},"author":1,"featured_media":0,"parent":0,"menu_order":0,"comment_status":"closed","ping_status":"closed","template":"","meta":{"_acf_changed":false,"_et_pb_use_builder":"","_et_pb_old_content":"","_et_gb_content_width":"","inline_featured_image":false,"footnotes":""},"class_list":["post-179","page","type-page","status-publish","hentry"],"acf":[],"_links":{"self":[{"href":"https:\/\/pharmakosconsulting.vdevs.eu\/hr\/wp-json\/wp\/v2\/pages\/179","targetHints":{"allow":["GET"]}}],"collection":[{"href":"https:\/\/pharmakosconsulting.vdevs.eu\/hr\/wp-json\/wp\/v2\/pages"}],"about":[{"href":"https:\/\/pharmakosconsulting.vdevs.eu\/hr\/wp-json\/wp\/v2\/types\/page"}],"author":[{"embeddable":true,"href":"https:\/\/pharmakosconsulting.vdevs.eu\/hr\/wp-json\/wp\/v2\/users\/1"}],"replies":[{"embeddable":true,"href":"https:\/\/pharmakosconsulting.vdevs.eu\/hr\/wp-json\/wp\/v2\/comments?post=179"}],"version-history":[{"count":0,"href":"https:\/\/pharmakosconsulting.vdevs.eu\/hr\/wp-json\/wp\/v2\/pages\/179\/revisions"}],"wp:attachment":[{"href":"https:\/\/pharmakosconsulting.vdevs.eu\/hr\/wp-json\/wp\/v2\/media?parent=179"}],"curies":[{"name":"wp","href":"https:\/\/api.w.org\/{rel}","templated":true}]}}