{"id":177,"date":"2024-03-04T07:35:33","date_gmt":"2024-03-04T07:35:33","guid":{"rendered":"https:\/\/pharmakosconsulting.vdevs.eu\/?page_id=177"},"modified":"2024-03-12T10:18:40","modified_gmt":"2024-03-12T10:18:40","slug":"pravila-privatnosti","status":"publish","type":"page","link":"https:\/\/pharmakosconsulting.vdevs.eu\/hr\/pravila-privatnosti\/","title":{"rendered":"Pravila privatnosti"},"content":{"rendered":"<p>Pharmakos Consulting zna da vam je stalo do na\u010dina na koji se koriste va\u0161i osobni podaci te prepoznaje va\u017enost za\u0161tite va\u0161e privatnosti. Stoga vam \u017eelimo prikazati koje osobne podatke prikupljamo, kako upravljamo njima i kako brinemo o njihovoj za\u0161titi.<\/p>\n<p>Tako\u0111er \u0107ete saznati i koja su va\u0161a prava vezana za obradu va\u0161ih osobnih podataka. Prikupljanje i obrada va\u0161ih podataka provode se u skladu s Op\u0107om uredbom o za\u0161titi osobnih podataka (EU) (2016\/679) te Zakonom o provedbi op\u0107e uredbe o za\u0161titi podataka. Poduzimamo sve potrebne mjere za osiguranje sukladnosti s pozitivnim propisima.<\/p>\n<p>&nbsp;<\/p>\n<p>OSOBNI PODATAK<\/p>\n<p>Osobni podatak jest svaki podatak koji se odnosi na pojedinca \u010diji je identitet poznat ili se mo\u017ee utvrditi. Pojedinac \u010diji se identitet mo\u017ee utvrditi jest osoba koja se mo\u017ee identificirati izravno ili neizravno, osobito uz pomo\u0107 identifikatora kao \u0161to su ime, identifikacijski broj, podaci o lokaciji, mre\u017eni identifikator ili uz pomo\u0107 jednog ili vi\u0161e \u010dimbenika svojstvenih za fizi\u010dki, fiziolo\u0161ki, genetski, mentalni, ekonomski, kulturni ili socijalni identitet tog pojedinca.<\/p>\n<p>&nbsp;<\/p>\n<p>PRIKUPLJANJE OSOBNIH PODATAKA<\/p>\n<p>Tvrtka \u0107e prikupljati i obra\u0111ivati osobne podatke samo u slu\u010dajevima kada je to propisima dozvoljeno:<\/p>\n<ul>\n<li>obrada je nu\u017ena radi po\u0161tovanja pravnih obveza<\/li>\n<li>kada je ispitanik dao privolu za obradu svojih osobnih podataka<\/li>\n<li>obrada je nu\u017ena za izvr\u0161avanje ugovora u kojem je ispitanik stranka ili kako bi se poduzele radnje na zahtjev ispitanika prije sklapanja ugovora<\/li>\n<li>obrada je nu\u017ena kako bi se za\u0161titili klju\u010dni interesi ispitanika ili druge fizi\u010dke osobe<\/li>\n<li>obrada je nu\u017ena za potrebe legitimnih interesa tvrtke ili povezanih dru\u0161tava<\/li>\n<\/ul>\n<p>Pharmakos Consulting ne prikuplja va\u0161e osobne podatke ukoliko vi izri\u010dito ne predate takve podatke.<\/p>\n<p>&nbsp;<\/p>\n<p>NA\u010cELA OBRADE OSOBNIH PODATAKA<\/p>\n<p>Sve osobne podatke obra\u0111ujemo na zakonit na\u010din, u skladu s uvjetima, na\u010delima i standardima Op\u0107e uredbe o za\u0161titi podataka i nacionalnom zakonodavstvu.<\/p>\n<p>Pharmakos Consulting osobne podatke obra\u0111uje u skladu sa sljede\u0107im na\u010delima obrade:<\/p>\n<ul>\n<li>zakonito, po\u0161teno i transparentno<\/li>\n<li>u posebne, to\u010dno odre\u0111ene i zakonite svrhe<\/li>\n<li>koriste\u0107i samo to\u010dne, a\u017eurne, primjerene i relevantne podatke koji su ograni\u010deni na svrhu u koju se obra\u0111uju<\/li>\n<li>samo onoliko dugo koliko je potrebno radi ostvarenja svrhe obrade i<\/li>\n<li>\u0161tite\u0107i ih od bilo kakve neovla\u0161tene ili nezakonite obrade te od slu\u010dajnog gubitka, uni\u0161tenja ili o\u0161te\u0107enja.<\/li>\n<\/ul>\n<p>Osobitu pozornost posve\u0107ujemo obradi posebnih kategorija osobnih podataka.<\/p>\n<p>Ne prikupljamo podatke o djeci. Uvjerimo li se kako su takvi podaci preneseni nama bez pristanka roditelja ili zakonskih skrbnika, izbrisat \u0107emo ih u najkra\u0107em mogu\u0107em roku. Pri tom, vodit \u0107emo se smjernicama koje smo dobili od vas kao roditelja ili zakonskog skrbnika.<\/p>\n<p>&nbsp;<\/p>\n<p>SVRHA OBRADE OSOBNIH PODATAKA<\/p>\n<p>Podatke dobivene o vama koristimo u jednu ili vi\u0161e navedenih svrha:<\/p>\n<ul>\n<li>Komuniciranje s vama u vezi pru\u017eanja na\u0161ih usluga i odgovaranje na va\u0161e upite Informacije koje ispunite (osobne informacije kao \u0161to su va\u0161e ime, adresa e-po\u0161te, organizacija) ili po\u0161aljete izravnom porukom e-po\u0161te biti \u0107e obra\u0111ene i pohranjene kako bismo vas mogli kontaktirati i odgovoriti na va\u0161 zahtjev. Ako ste mla\u0111i od 16 godina morate prilo\u017eiti suglasnost roditelja ili nositelja prije davanja osobnih podataka.<\/li>\n<li>Sklapanje ugovora i ispunjavanje obveza koje proizlaze iz sklopljenog ugovora<\/li>\n<li>U svrhu marketin\u0161ke komunikacije<\/li>\n<li>Pristup informacijama o lijekovima za zdravstvene radnike<\/li>\n<li>Provo\u0111enje pravnih zahtjeva i rje\u0161avanje sporova<\/li>\n<li>Statistika poslu\u017eitelja Na\u0161 poslu\u017eitelj globalne mre\u017ee koristi statisti\u010dki softver. Ti su programi standardno obilje\u017eje svih internetskih poslu\u017eitelja i nisu karakteristi\u010dni samo za na\u0161e stranice. Takvi statisti\u010dki programi omogu\u0107uju nam da svoje stranice prilagodimo na na\u010din da budu \u0161to efikasnije i jednostavnije za na\u0161e posjetitelje (utvr\u0111ivanje podataka koji najvi\u0161e ili najmanje zanimaju na\u0161e korisnike, prilago\u0111avanje stranica za pojedine internetske preglednike, u\u010dinkovitost strukture na\u0161e lokacije te posje\u0107enost na\u0161ih stranica).<\/li>\n<\/ul>\n<p>&nbsp;<\/p>\n<p>UPOTREBA KOLA\u010cI\u0106A<\/p>\n<p>Za dobivanje statisti\u010dkih podataka o posje\u0107enosti i na\u010dinu upotrebe na\u0161e internet stranice, na\u0161 poslu\u017eitelj globalne mre\u017ee koristi kola\u010di\u0107e. Radi se o jako malim tekstualnim datotekama koje poslu\u017eitelj postavlja na ra\u010dunalo korisnika u svrhu pra\u0107enja odabira pojedinih jezi\u010dnih varijanti na\u0161ih stranica, kao i prilikom ulaska na dijelove stranica koje zahtijevaju unos korisni\u010dkog imena i lozinke. Postavljeni kola\u010di\u0107i mogu biti stalni, koji na ra\u010dunalu korisnika ostaju pohranjeni i nakon posjeta te privremeni, koji se pohranjuju samo tijekom posjeta stranici. Kola\u010di\u0107i se ne mogu koristiti za pokretanje programa ili postavljanje virusa na va\u0161e ra\u010dunalo.<\/p>\n<p>Pregled na\u0161ih stranica mogu\u0107 je i bez uporabe kola\u010di\u0107a, ako je va\u0161 internetski preglednik tako pode\u0161en.<\/p>\n<p>Za vi\u0161e informacija o kola\u010di\u0107ima i kako se koriste, na stranici posjetite Upravljanje kola\u010di\u0107ima.<\/p>\n<p>&nbsp;<\/p>\n<p>ALATI ZA ANALIZU I OGLA\u0160AVANJE<\/p>\n<p>Ova web stranica koristi funkcije usluge web analitike Google Analytics. Dobavlja\u010d je Google Inc. 1600 Amphitheatre Parkway Mountain View, CA 94043, SAD. Google Analytics koristi takozvane &#8220;kola\u010di\u0107e&#8221;. To su tekstualne datoteke koje su pohranjene na va\u0161em ra\u010dunalu i koje omogu\u0107uju analizu va\u0161e upotrebe web stranice. Informacije koje generira kola\u010di\u0107 o va\u0161oj upotrebi ove web stranice obi\u010dno se prenose na Googleov poslu\u017eitelj u SAD-u i tamo pohranjuju. Me\u0111utim, ako je na ovoj web stranici aktivirana IP anonimizacija, Google \u0107e unaprijed skratiti va\u0161u IP adresu unutar dr\u017eava \u010dlanica Europske unije ili u drugim dr\u017eavama ugovornicama Sporazuma o Europskom gospodarskom prostoru. Samo u iznimnim slu\u010dajevima puna IP adresa bit \u0107e poslana na Googleov poslu\u017eitelj u SAD-u i tamo skra\u0107ena. U ime operatera ove web stranice, Google \u0107e koristiti ove informacije za procjenu va\u0161e upotrebe web stranice, sastavljanje izvje\u0161\u0107a o aktivnostima web stranice i pru\u017eanje drugih usluga povezanih s aktivnostima web stranice i kori\u0161tenjem interneta operateru web stranice. IP adresa koju pru\u017ea Google Analytics kao dio Google Analytics ne\u0107e se spojiti s drugim Google podacima. Mo\u017eete sprije\u010diti pohranu kola\u010di\u0107a odgovaraju\u0107om postavkom softvera va\u0161eg preglednika; me\u0111utim, imajte na umu da ako to u\u010dinite, mo\u017eda ne\u0107ete mo\u0107i koristiti sve zna\u010dajke ove web stranice u najve\u0107oj mogu\u0107oj mjeri. Osim toga, mo\u017eete sprije\u010diti prikupljanje podataka od strane Googlea koje generira kola\u010di\u0107 i koji se odnose na va\u0161u upotrebu web stranice (uklju\u010duju\u0107i va\u0161u IP adresu), kao i obradu ovih podataka od strane Googlea preuzimanjem dodatka preglednika dostupnog pod sljede\u0107u vezu i instalirajte:\u00a0<a href=\"http:\/\/tools.google.com\/dlpage\/gaoptout?hl=hr\" data-cke-saved-href=\"http:\/\/tools.google.com\/dlpage\/gaoptout?hl=hr\" data-cke-saved- target=\"_blank\" rel=\"noopener\">http:\/\/tools.google.com\/dlpage\/gaoptout?hl=hr<\/a><\/p>\n<p>&nbsp;<\/p>\n<p>ZBIRKA OSOBNIH PODATAKA<\/p>\n<p>Pharmakos Consulting vodi evidenciju aktivnosti obrada za koje je odgovoran, odnosno u slu\u010dajevima kada je u ulozi voditelja obrade ili zajedni\u010dkog voditelja obrade. Ta evidencija je u elektroni\u010dkom obliku i sadr\u017eava najmanje sljede\u0107e informacije:<\/p>\n<ul>\n<li>ime i kontaktne podatke voditelja obrade i osobe odgovorne za za\u0161titu osobnih podataka<\/li>\n<li>svrhe obrade<\/li>\n<li>opis kategorija ispitanika i kategorija osobnih podataka<\/li>\n<li>kategorije primatelja kojima su osobni podaci otkriveni ili \u0107e im biti otkriveni, uklju\u010duju\u0107i primatelje u tre\u0107im zemljama ili me\u0111unarodne organizacije;<\/li>\n<li>prijenose osobnih podataka u tre\u0107u zemlju ili me\u0111unarodnu organizaciju, uklju\u010duju\u0107i ime tre\u0107e zemlje ili naziv me\u0111unarodne organizacije<\/li>\n<li>predvi\u0111ene rokove za brisanje razli\u010ditih kategorija podataka, ako je to mogu\u0107e<\/li>\n<li>op\u0107i opis tehni\u010dkih i organizacijskih sigurnosnih mjera<\/li>\n<\/ul>\n<p>&nbsp;<\/p>\n<p>PRAVA ISPITANIKA<\/p>\n<p>Pharmakos Consulting je svjestan kako su osobni podaci ispitanika njegovo vlasni\u0161tvo te iako su nam ti podaci neophodni za pru\u017eanje usluge, ispitanici u svakom trenutku zadr\u017eavaju odre\u0111ena prava u odnosu na obrade njihovih podataka.<\/p>\n<p>Pharmakos Consulting osobne podatke obra\u0111uje sukladno pravima ispitanika definiranim unutar Uredbe:<\/p>\n<ul>\n<li>Pravo na brisanje (\u201epravo na zaborav\u201c)<\/li>\n<li>Pravo na ispravak<\/li>\n<li>Pravo na prijenos podataka<\/li>\n<li>Pravo na prigovor<\/li>\n<li>Pravo na ograni\u010denje obrade<\/li>\n<\/ul>\n<p>Ispitanik ima pravo u svakom trenutku zahtijevati realizaciju bilo kojeg od gore navedenih prava.<\/p>\n<p>Molimo vas da sve upite uputite na e-mail: info@pharmakos.hr, broj telefona: \u00a0+385 1 2079 236\u00a0\u00a0 ili adresu: Andrije \u017daje 43, Zagreb 10000, koje su tako\u0111er dostupne na na\u0161oj web stranici.<\/p>\n<p>Pharmakos Consulting ispitaniku na zahtjev pru\u017ea informacije o poduzetim radnjama vezanim uz navedena prava, najkasnije u roku od 1 mj.<\/p>\n<p>Pharmakos Consulting ima pravo odbiti postupiti po zahtjevu ako su zahtjevi ispitanika o\u010dito neutemeljeni ili pretjerani, a osobito zbog njihovog u\u010destalog ponavljanja.<\/p>\n<p>&nbsp;<\/p>\n<p>PRIJENOS OSOBNIH PODATAKA<\/p>\n<p>Ovim putem \u017eelimo Vas upoznati s mogu\u0107no\u0161\u0107u da, u izvr\u0161avanju svrha u koje ste nam dali svoje osobne podatke, mo\u017eemo imati podugovara\u010de, te va\u0161i osobni podaci mogu biti proslije\u0111eni samo na\u0161im ugovornim partnerima s kojima imamo sklopljen ugovor o izvr\u0161enju usluga i ugovor o povjerljivosti.<\/p>\n<p>Kod svakog prijenosa osobnih podataka koristimo odgovaraju\u0107e organizacijske i tehni\u010dke mjere za\u0161tite. Prije prijenosa osobnih podataka tre\u0107im osobama, vodimo ra\u010duna da su primatelji uskla\u0111eni s Op\u0107om uredbom o za\u0161titi podataka i nacionalnim zakonodavstvom.<\/p>\n<p>Iznimno, mogu\u0107e je da Va\u0161e osobne podatke moramo dostaviti nadle\u017enom tijelu javne vlasti ukoliko to nala\u017ee zakon ili drugi obvezuju\u0107i propis.<\/p>\n<p>Ne vr\u0161imo prijenos osobnih podataka u tre\u0107e zemlje ili me\u0111unarodne organizacije (me\u0111unarodni prijenos), osim iznimno radi ispunjenja ugovornih obveza, u zakonom propisanim slu\u010dajevima ili na va\u0161e izri\u010dito tra\u017eenje uz jasno danu, nedvosmislenu i to\u010dnu privolu. Prijenos je mogu\u0107 samo u zemlje ili me\u0111unarodne organizacije koje osiguravaju primjerenu razinu za\u0161tite.<\/p>\n<p>&nbsp;<\/p>\n<p>SIGURNOSNE MJERE<\/p>\n<p>Pharmakos Consulting prikuplja i obra\u0111uje osobne podatke zakonito, po\u0161teno i transparentno sukladno va\u017ee\u0107im propisima te poduzimaju\u0107i primjerene tehni\u010dke i organizacijske mjere usmjerene ka za\u0161titi osobnih podataka od neovla\u0161tenog pristupa i zlouporabe.<\/p>\n<p>Implementirali smo tehni\u010dke i organizacijske mjere kako bismo za\u0161titili va\u0161e osobne podatke, a neke od njih su:<\/p>\n<ul>\n<li>Osobni podaci \u010duvaju se u skladu s internim standardima sigurnosti i internim procedurama<\/li>\n<li>Pristup osobnim podacima je ograni\u010den samo na one podatke koji su potrebni za obavljanje pojednih zadataka i samo na one osobe koje su odgovorne za taj dio poslovanja<\/li>\n<li>Pridr\u017eavanje ove Politike i procedura vezanih uz za\u0161titu osobnih podatak redovno se provjerava, a dokumenti se prema potrebi a\u017euriraju<\/li>\n<\/ul>\n<p>&nbsp;<\/p>\n<p>ZAVR\u0160NE ODREDBE<\/p>\n<p>Svaka promjena na\u0161ih pravila privatnosti bit \u0107e objavljena i dostupna na ovoj web stranici.<\/p>\n<p>Ova politika privatnosti je zadnji put izmijenjena 15. svibnja 2022. godine.<\/p>\n<p>U bilo kojem trenutku mo\u017eete poslati pritu\u017ebu nadzornom tijelu u vezi na\u0161eg skupljanja i obrade va\u0161ih osobnih podataka. U Republici Hrvatskoj pritu\u017ebu mo\u017eete podnijeti Agenciji za za\u0161titu osobnih podatka (AZOP).<\/p>\n","protected":false},"excerpt":{"rendered":"<p>Pharmakos Consulting zna da vam je stalo do na\u010dina na koji se koriste va\u0161i osobni podaci te prepoznaje va\u017enost za\u0161tite va\u0161e privatnosti. Stoga vam \u017eelimo prikazati koje osobne podatke prikupljamo, kako upravljamo njima i kako brinemo o njihovoj za\u0161titi. Tako\u0111er \u0107ete saznati i koja su va\u0161a prava vezana za obradu va\u0161ih osobnih podataka. Prikupljanje i [&hellip;]<\/p>\n","protected":false},"author":1,"featured_media":0,"parent":0,"menu_order":0,"comment_status":"closed","ping_status":"closed","template":"","meta":{"_acf_changed":false,"_et_pb_use_builder":"","_et_pb_old_content":"","_et_gb_content_width":"","inline_featured_image":false,"footnotes":""},"class_list":["post-177","page","type-page","status-publish","hentry"],"acf":[],"_links":{"self":[{"href":"https:\/\/pharmakosconsulting.vdevs.eu\/hr\/wp-json\/wp\/v2\/pages\/177","targetHints":{"allow":["GET"]}}],"collection":[{"href":"https:\/\/pharmakosconsulting.vdevs.eu\/hr\/wp-json\/wp\/v2\/pages"}],"about":[{"href":"https:\/\/pharmakosconsulting.vdevs.eu\/hr\/wp-json\/wp\/v2\/types\/page"}],"author":[{"embeddable":true,"href":"https:\/\/pharmakosconsulting.vdevs.eu\/hr\/wp-json\/wp\/v2\/users\/1"}],"replies":[{"embeddable":true,"href":"https:\/\/pharmakosconsulting.vdevs.eu\/hr\/wp-json\/wp\/v2\/comments?post=177"}],"version-history":[{"count":0,"href":"https:\/\/pharmakosconsulting.vdevs.eu\/hr\/wp-json\/wp\/v2\/pages\/177\/revisions"}],"wp:attachment":[{"href":"https:\/\/pharmakosconsulting.vdevs.eu\/hr\/wp-json\/wp\/v2\/media?parent=177"}],"curies":[{"name":"wp","href":"https:\/\/api.w.org\/{rel}","templated":true}]}}